{"id":3,"date":"2026-02-05T13:59:32","date_gmt":"2026-02-05T13:59:32","guid":{"rendered":"http:\/\/plurifarp.ro\/?page_id=3"},"modified":"2026-04-06T12:08:41","modified_gmt":"2026-04-06T12:08:41","slug":"privacy-policy","status":"publish","type":"page","link":"https:\/\/plurifart.ro\/index.php\/privacy-policy\/","title":{"rendered":"Politica de Confiden\u021bialitate"},"content":{"rendered":"\t\t<div data-elementor-type=\"wp-page\" data-elementor-id=\"3\" class=\"elementor elementor-3\">\n\t\t\t\t<div class=\"elementor-element elementor-element-48cb2739 e-flex e-con-boxed wpr-particle-no wpr-jarallax-no wpr-parallax-no wpr-sticky-section-no e-con e-parent\" data-id=\"48cb2739\" data-element_type=\"container\" data-e-type=\"container\">\n\t\t\t\t\t<div class=\"e-con-inner\">\n\t\t\t\t<div class=\"elementor-element elementor-element-4ef85836 elementor-widget elementor-widget-text-editor\" data-id=\"4ef85836\" data-element_type=\"widget\" data-e-type=\"widget\" data-widget_type=\"text-editor.default\">\n\t\t\t\t\t\t\t\t\t\n<h2 class=\"wp-block-heading\">Aceast\u0103 Politic\u0103 de Confiden\u021bialitate descrie modul \u00een care colect\u0103m, utiliz\u0103m \u0219i protej\u0103m datele cu caracter personal ale utilizatorilor site-ului nostru.<\/h2>\n\n<p>Respect\u0103m confiden\u021bialitatea datelor tale \u0219i ne angaj\u0103m s\u0103 le protej\u0103m \u00een conformitate cu legisla\u021bia \u00een vigoare, inclusiv Regulamentul (UE) 2016\/679 privind protec\u021bia datelor (GDPR).<\/p>\n<hr class=\"wp-block-separator has-alpha-channel-opacity\" \/>\n<h2 class=\"wp-block-heading\">\ud83d\udcca Ce date colect\u0103m<\/h2>\n\n<p>Putem colecta urm\u0103toarele tipuri de date personale:<\/p>\n\n<ul class=\"wp-block-list\">\n<li>nume \u0219i prenume<\/li>\n\n<li>adres\u0103 de email<\/li>\n\n<li>num\u0103r de telefon<\/li>\n\n<li>orice alte informa\u021bii transmise prin formularele de contact<\/li>\n<\/ul>\n<hr class=\"wp-block-separator has-alpha-channel-opacity\" \/>\n<h2 class=\"wp-block-heading\">\u2699\ufe0f Cum folosim datele tale<\/h2>\n\n<p>Datele colectate sunt utilizate pentru:<\/p>\n\n<ul class=\"wp-block-list\">\n<li>a r\u0103spunde solicit\u0103rilor tale<\/li>\n\n<li>a oferi informa\u021bii despre produsele \u0219i serviciile noastre<\/li>\n\n<li>\u00eembun\u0103t\u0103\u021birea experien\u021bei pe site<\/li>\n\n<li>respectarea obliga\u021biilor legale<\/li>\n<\/ul>\n<hr class=\"wp-block-separator has-alpha-channel-opacity\" \/>\n<h2 class=\"wp-block-heading\">\ud83d\udd12 Protec\u021bia datelor<\/h2>\n\n<p>Lu\u0103m m\u0103suri tehnice \u0219i organizatorice adecvate pentru a proteja datele tale \u00eempotriva accesului neautorizat, pierderii sau divulg\u0103rii.<\/p>\n<hr class=\"wp-block-separator has-alpha-channel-opacity\" \/>\n<h2 class=\"wp-block-heading\">\ud83d\udce4 Transmiterea datelor c\u0103tre ter\u021bi<\/h2>\n\n<p>Nu vindem \u0219i nu transfer\u0103m datele tale c\u0103tre ter\u021bi, cu excep\u021bia cazurilor \u00een care acest lucru este necesar pentru respectarea obliga\u021biilor legale.<\/p>\n<hr class=\"wp-block-separator has-alpha-channel-opacity\" \/>\n<h2 class=\"wp-block-heading\">\u23f3 Perioada de stocare<\/h2>\n\n<p>Datele tale vor fi p\u0103strate doar at\u00e2t timp c\u00e2t este necesar pentru scopurile men\u021bionate mai sus sau conform cerin\u021belor legale.<\/p>\n<hr class=\"wp-block-separator has-alpha-channel-opacity\" \/>\n<h2 class=\"wp-block-heading\">\ud83d\udc64 Drepturile tale<\/h2>\n\n<p>Ai urm\u0103toarele drepturi:<\/p>\n\n<ul class=\"wp-block-list\">\n<li>dreptul de acces la date<\/li>\n\n<li>dreptul de rectificare<\/li>\n\n<li>dreptul de \u0219tergere (\u201edreptul de a fi uitat\u201d)<\/li>\n\n<li>dreptul de restric\u021bionare a prelucr\u0103rii<\/li>\n\n<li>dreptul de opozi\u021bie<\/li>\n\n<li>dreptul la portabilitatea datelor<\/li>\n<\/ul>\n\n<p>Pentru exercitarea acestor drepturi, ne po\u021bi contacta oric\u00e2nd.<\/p>\n<hr class=\"wp-block-separator has-alpha-channel-opacity\" \/>\n<h2 class=\"wp-block-heading\">\ud83d\udce9 Contact<\/h2>\n\n<p>Pentru orice \u00eentreb\u0103ri legate de protec\u021bia datelor, ne po\u021bi contacta la:<\/p>\n\n<p>\ud83d\udc49 <strong><a href=\"mailto:office@plurifart.ro\">office@plurifart.ro<\/a><\/strong><\/p>\n<hr class=\"wp-block-separator has-alpha-channel-opacity\" \/>\n<h2 class=\"wp-block-heading\">\ud83d\udd04 Modific\u0103ri ale politicii<\/h2>\n\n<p>Ne rezerv\u0103m dreptul de a actualiza aceast\u0103 Politic\u0103 de Confiden\u021bialitate. Orice modificare va fi publicat\u0103 pe aceast\u0103 pagin\u0103.<\/p>\n\t\t\t\t\t\t\t\t<\/div>\n\t\t\t\t\t<\/div>\n\t\t\t\t<\/div>\n\t\t<div class=\"elementor-element elementor-element-618bee8 e-flex e-con-boxed wpr-particle-no wpr-jarallax-no wpr-parallax-no wpr-sticky-section-no e-con e-parent\" data-id=\"618bee8\" data-element_type=\"container\" data-e-type=\"container\" data-settings=\"{&quot;background_background&quot;:&quot;classic&quot;}\">\n\t\t\t\t\t<div class=\"e-con-inner\">\n\t\t<div class=\"elementor-element elementor-element-afc3bda e-con-full e-flex wpr-particle-no wpr-jarallax-no wpr-parallax-no wpr-sticky-section-no e-con e-child\" data-id=\"afc3bda\" data-element_type=\"container\" data-e-type=\"container\">\n\t\t\t\t<div class=\"elementor-element elementor-element-060a8f8 wpr-main-menu-align-left wpr-main-menu-align--tabletleft wpr-main-menu-align--mobileleft wpr-pointer-underline wpr-pointer-line-fx wpr-pointer-fx-fade wpr-sub-icon-caret-down wpr-sub-menu-fx-fade wpr-nav-menu-bp-mobile wpr-mobile-menu-full-width wpr-mobile-menu-item-align-center wpr-mobile-toggle-v1 wpr-sub-divider-yes wpr-mobile-divider-yes elementor-widget elementor-widget-wpr-nav-menu\" data-id=\"060a8f8\" data-element_type=\"widget\" data-e-type=\"widget\" data-settings=\"{&quot;menu_layout&quot;:&quot;horizontal&quot;}\" data-widget_type=\"wpr-nav-menu.default\">\n\t\t\t\t\t<nav class=\"wpr-nav-menu-container wpr-nav-menu-horizontal\" data-trigger=\"hover\" data-consider-header=\"\" data-scroll-speed=\"500\"><ul id=\"menu-1-060a8f8\" class=\"wpr-nav-menu\"><li class=\"menu-item menu-item-type-post_type menu-item-object-page menu-item-home menu-item-135\"><a href=\"https:\/\/plurifart.ro\/\" class=\"wpr-menu-item wpr-pointer-item\">Acasa<\/a><\/li>\n<li class=\"menu-item menu-item-type-post_type menu-item-object-page menu-item-privacy-policy menu-item-136\"><a rel=\"privacy-policy\" href=\"https:\/\/plurifart.ro\/index.php\/privacy-policy\/\" class=\"wpr-menu-item wpr-pointer-item\">Politica de Confiden\u021bialitate<\/a><\/li>\n<li class=\"menu-item menu-item-type-post_type menu-item-object-page menu-item-137\"><a href=\"https:\/\/plurifart.ro\/index.php\/politica-de-cookies\/\" class=\"wpr-menu-item wpr-pointer-item\">Politica de Cookies<\/a><\/li>\n<\/ul><\/nav><nav class=\"wpr-mobile-nav-menu-container\"><div class=\"wpr-mobile-toggle-wrap\"><div class=\"wpr-mobile-toggle\"><span class=\"wpr-mobile-toggle-line\"><\/span><span class=\"wpr-mobile-toggle-line\"><\/span><span class=\"wpr-mobile-toggle-line\"><\/span><\/div><\/div><ul id=\"mobile-menu-2-060a8f8\" class=\"wpr-mobile-nav-menu\"><li class=\"menu-item menu-item-type-post_type menu-item-object-page menu-item-home menu-item-135\"><a href=\"https:\/\/plurifart.ro\/\" class=\"wpr-mobile-menu-item\">Acasa<\/a><\/li>\n<li class=\"menu-item menu-item-type-post_type menu-item-object-page menu-item-privacy-policy menu-item-136\"><a rel=\"privacy-policy\" href=\"https:\/\/plurifart.ro\/index.php\/privacy-policy\/\" class=\"wpr-mobile-menu-item\">Politica de Confiden\u021bialitate<\/a><\/li>\n<li class=\"menu-item menu-item-type-post_type menu-item-object-page menu-item-137\"><a href=\"https:\/\/plurifart.ro\/index.php\/politica-de-cookies\/\" class=\"wpr-mobile-menu-item\">Politica de Cookies<\/a><\/li>\n<\/ul><\/nav>\t\t\t\t<\/div>\n\t\t\t\t<\/div>\n\t\t<div class=\"elementor-element elementor-element-c71fcff e-con-full e-flex wpr-particle-no wpr-jarallax-no wpr-parallax-no wpr-sticky-section-no e-con e-child\" data-id=\"c71fcff\" data-element_type=\"container\" data-e-type=\"container\">\n\t\t\t\t\t\t\t\n\t\t\t<a\n\t\t\t\t\t\thref=\"https:\/\/reclamatiisal.anpc.ro\/\"\n\t\t\tclass=\"e-image-link-base\"\n\t\t\ttarget=\"_blank\"\n\t\t\tdata-interaction-id=\"e4b5002\"\n\t\t>\n\t\t<img class=\"e-image-base \" \n\t\t \n\t\t \n\t\t\t\t\t\t\t\t\tid=\"138\"\n\t\t\t\t\t\t\t\t\t\t\t\tsrc=\"https:\/\/plurifart.ro\/wp-content\/uploads\/2026\/04\/anpc-sal-mic-1.png\"\n\t\t\t\t\t\t\t\t\t\t\t\twidth=\"250\"\n\t\t\t\t\t\t\t\t\t\t\t\theight=\"62\"\n\t\t\t\t\t\t\t\t\t\t\t\tsrcset=\"\"\n\t\t\t\t\t\t\t\t\t\t\t\talt=\"\"\n\t\t\t\t\t\t\/>\n\t\t\t<\/a>\n\t\t\t\t\t\t\t\t\n\t\t\t<a\n\t\t\t\t\t\thref=\"https:\/\/consumer-redress.ec.europa.eu\/site-relocation_en?event=main.home2.show&lng=RO\"\n\t\t\tclass=\"e-image-link-base\"\n\t\t\ttarget=\"_blank\"\n\t\t\tdata-interaction-id=\"a1f4caf\"\n\t\t>\n\t\t<img class=\"e-image-base \" \n\t\t \n\t\t \n\t\t\t\t\t\t\t\t\tid=\"139\"\n\t\t\t\t\t\t\t\t\t\t\t\tsrc=\"https:\/\/plurifart.ro\/wp-content\/uploads\/2026\/04\/anpc-sol-mic-1.png\"\n\t\t\t\t\t\t\t\t\t\t\t\twidth=\"250\"\n\t\t\t\t\t\t\t\t\t\t\t\theight=\"62\"\n\t\t\t\t\t\t\t\t\t\t\t\tsrcset=\"\"\n\t\t\t\t\t\t\t\t\t\t\t\talt=\"\"\n\t\t\t\t\t\t\/>\n\t\t\t<\/a>\n\t\t\t\t\t<\/div>\n\t\t\t\t\t<\/div>\n\t\t\t\t<\/div>\n\t\t\t\t<\/div>\n\t\t","protected":false},"excerpt":{"rendered":"<p>Aceast\u0103 Politic\u0103 de Confiden\u021bialitate descrie modul \u00een care colect\u0103m, utiliz\u0103m \u0219i protej\u0103m datele cu caracter personal ale utilizatorilor site-ului nostru. Respect\u0103m confiden\u021bialitatea datelor tale \u0219i ne angaj\u0103m s\u0103 le protej\u0103m \u00een conformitate cu legisla\u021bia \u00een vigoare, inclusiv Regulamentul (UE) 2016\/679 privind protec\u021bia datelor (GDPR). \ud83d\udcca Ce date colect\u0103m Putem colecta urm\u0103toarele tipuri de date personale: \u2699\ufe0f Cum folosim datele tale Datele colectate sunt utilizate pentru: \ud83d\udd12 Protec\u021bia datelor Lu\u0103m m\u0103suri tehnice \u0219i organizatorice adecvate pentru a proteja datele tale \u00eempotriva accesului neautorizat, pierderii sau divulg\u0103rii. \ud83d\udce4 Transmiterea datelor c\u0103tre ter\u021bi Nu vindem \u0219i nu transfer\u0103m datele tale c\u0103tre ter\u021bi, cu excep\u021bia cazurilor \u00een care acest lucru este necesar pentru respectarea obliga\u021biilor legale. \u23f3 Perioada de stocare Datele tale vor fi p\u0103strate doar at\u00e2t timp c\u00e2t este necesar pentru scopurile men\u021bionate mai sus sau conform cerin\u021belor legale. \ud83d\udc64 Drepturile tale Ai urm\u0103toarele drepturi: Pentru exercitarea acestor drepturi, ne po\u021bi contacta oric\u00e2nd. \ud83d\udce9 Contact Pentru orice \u00eentreb\u0103ri legate de protec\u021bia datelor, ne po\u021bi contacta la: \ud83d\udc49 office@plurifart.ro \ud83d\udd04 Modific\u0103ri ale politicii Ne rezerv\u0103m dreptul de a actualiza aceast\u0103 Politic\u0103 de Confiden\u021bialitate. Orice modificare va fi publicat\u0103 pe aceast\u0103 pagin\u0103. Acasa Politica de Confiden\u021bialitate Politica de Cookies Acasa Politica de Confiden\u021bialitate Politica de Cookies<\/p>\n","protected":false},"author":1,"featured_media":0,"parent":0,"menu_order":0,"comment_status":"closed","ping_status":"open","template":"","meta":{"footnotes":""},"class_list":["post-3","page","type-page","status-publish","hentry"],"_links":{"self":[{"href":"https:\/\/plurifart.ro\/index.php\/wp-json\/wp\/v2\/pages\/3","targetHints":{"allow":["GET"]}}],"collection":[{"href":"https:\/\/plurifart.ro\/index.php\/wp-json\/wp\/v2\/pages"}],"about":[{"href":"https:\/\/plurifart.ro\/index.php\/wp-json\/wp\/v2\/types\/page"}],"author":[{"embeddable":true,"href":"https:\/\/plurifart.ro\/index.php\/wp-json\/wp\/v2\/users\/1"}],"replies":[{"embeddable":true,"href":"https:\/\/plurifart.ro\/index.php\/wp-json\/wp\/v2\/comments?post=3"}],"version-history":[{"count":7,"href":"https:\/\/plurifart.ro\/index.php\/wp-json\/wp\/v2\/pages\/3\/revisions"}],"predecessor-version":[{"id":170,"href":"https:\/\/plurifart.ro\/index.php\/wp-json\/wp\/v2\/pages\/3\/revisions\/170"}],"wp:attachment":[{"href":"https:\/\/plurifart.ro\/index.php\/wp-json\/wp\/v2\/media?parent=3"}],"curies":[{"name":"wp","href":"https:\/\/api.w.org\/{rel}","templated":true}]}}