{"id":10,"date":"2026-04-01T18:57:26","date_gmt":"2026-04-01T18:57:26","guid":{"rendered":"https:\/\/plurifarp.ro\/?page_id=10"},"modified":"2026-04-06T19:20:20","modified_gmt":"2026-04-06T19:20:20","slug":"hello-theme-10","status":"publish","type":"page","link":"https:\/\/plurifart.ro\/","title":{"rendered":"Acasa"},"content":{"rendered":"\t\t<div data-elementor-type=\"wp-page\" data-elementor-id=\"10\" class=\"elementor elementor-10\">\n\t\t\t\t\t\t<section class=\"elementor-section elementor-top-section elementor-element elementor-element-2a4260e2 elementor-section-height-min-height elementor-section-content-middle elementor-section-boxed elementor-section-height-default elementor-section-items-middle wpr-particle-no wpr-jarallax-no wpr-parallax-no wpr-sticky-section-no\" data-id=\"2a4260e2\" data-element_type=\"section\" data-e-type=\"section\" data-settings=\"{&quot;background_background&quot;:&quot;classic&quot;}\">\n\t\t\t\t\t\t<div class=\"elementor-container elementor-column-gap-no\">\n\t\t\t\t\t<div class=\"elementor-column elementor-col-100 elementor-top-column elementor-element elementor-element-7bfa3894\" data-id=\"7bfa3894\" data-element_type=\"column\" data-e-type=\"column\">\n\t\t\t<div class=\"elementor-widget-wrap elementor-element-populated\">\n\t\t\t\t\t\t<section class=\"elementor-section elementor-inner-section elementor-element elementor-element-45d2fce6 elementor-section-boxed elementor-section-height-default elementor-section-height-default wpr-particle-no wpr-jarallax-no wpr-parallax-no wpr-sticky-section-no\" data-id=\"45d2fce6\" data-element_type=\"section\" data-e-type=\"section\">\n\t\t\t\t\t\t<div class=\"elementor-container elementor-column-gap-no\">\n\t\t\t\t\t<div class=\"elementor-column elementor-col-50 elementor-inner-column elementor-element elementor-element-217cf514\" data-id=\"217cf514\" data-element_type=\"column\" data-e-type=\"column\">\n\t\t\t<div class=\"elementor-widget-wrap elementor-element-populated\">\n\t\t\t\t\t\t<div class=\"elementor-element elementor-element-42ea65a1 elementor-widget elementor-widget-heading\" data-id=\"42ea65a1\" data-element_type=\"widget\" data-e-type=\"widget\" data-widget_type=\"heading.default\">\n\t\t\t\t\t<h2 class=\"elementor-heading-title elementor-size-default\">\ud83d\udc8aFARMACIA PLURIMEX TUNARI<\/br>\n-Laborator propriu-<\/h2>\t\t\t\t<\/div>\n\t\t\t\t<div class=\"elementor-element elementor-element-55b02224 elementor-widget elementor-widget-heading\" data-id=\"55b02224\" data-element_type=\"widget\" data-e-type=\"widget\" data-widget_type=\"heading.default\">\n\t\t\t\t\t<h1 class=\"elementor-heading-title elementor-size-default\">Farmacia ta de \u00eencredere<br>Grij\u0103 complet\u0103 pentru s\u0103n\u0103tatea ta.<\/h1>\t\t\t\t<\/div>\n\t\t\t\t\t<\/div>\n\t\t<\/div>\n\t\t\t\t<div class=\"elementor-column elementor-col-50 elementor-inner-column elementor-element elementor-element-1e9e95dd\" data-id=\"1e9e95dd\" data-element_type=\"column\" data-e-type=\"column\">\n\t\t\t<div class=\"elementor-widget-wrap\">\n\t\t\t\t\t\t\t<\/div>\n\t\t<\/div>\n\t\t\t\t\t<\/div>\n\t\t<\/section>\n\t\t\t\t<div class=\"elementor-element elementor-element-3be3f67 elementor-widget__width-initial elementor-widget elementor-widget-text-editor\" data-id=\"3be3f67\" data-element_type=\"widget\" data-e-type=\"widget\" data-widget_type=\"text-editor.default\">\n\t\t\t\t\t\t\t\t\t<p data-start=\"595\" data-end=\"640\">Oferim o gam\u0103 variat\u0103 de produse \u0219i servicii:<\/p><ul data-start=\"642\" data-end=\"851\"><li data-section-id=\"dadvo\" data-start=\"642\" data-end=\"690\">medicamente eliberate cu \u0219i f\u0103r\u0103 prescrip\u021bie<\/li><li data-section-id=\"156drvl\" data-start=\"691\" data-end=\"737\">suplimente alimentare \u0219i produse naturiste<\/li><li data-section-id=\"1ulruqv\" data-start=\"738\" data-end=\"767\">produse dermato-cosmetice<\/li><li data-section-id=\"9oz3fa\" data-start=\"768\" data-end=\"813\">produse pentru copii \u0219i \u00eengrijire zilnic\u0103<\/li><li data-section-id=\"kbz600\" data-start=\"814\" data-end=\"851\">accesorii \u0219i dispozitive medicale<\/li><li>preparate galenice \u2013 laborator propriu<\/li><\/ul><p data-start=\"853\" data-end=\"989\">Echipa noastr\u0103 \u00ee\u021bi st\u0103 la dispozi\u021bie cu recomand\u0103ri personalizate, astfel \u00eenc\u00e2t s\u0103 faci cele mai bune alegeri pentru tine \u0219i familia ta.<\/p>\t\t\t\t\t\t\t\t<\/div>\n\t\t\t\t\t<\/div>\n\t\t<\/div>\n\t\t\t\t\t<\/div>\n\t\t<\/section>\n\t\t<div class=\"elementor-element elementor-element-8288a06 e-flex e-con-boxed wpr-particle-no wpr-jarallax-no wpr-parallax-no wpr-sticky-section-no e-con e-parent\" data-id=\"8288a06\" data-element_type=\"container\" data-e-type=\"container\" data-settings=\"{&quot;background_background&quot;:&quot;classic&quot;}\">\n\t\t\t\t\t<div class=\"e-con-inner\">\n\t\t<div class=\"elementor-element elementor-element-60605f6 e-con-full e-flex wpr-particle-no wpr-jarallax-no wpr-parallax-no wpr-sticky-section-no e-con e-child\" data-id=\"60605f6\" data-element_type=\"container\" data-e-type=\"container\">\n\t\t\t\t<div class=\"elementor-element elementor-element-439007d elementor-widget elementor-widget-heading\" data-id=\"439007d\" data-element_type=\"widget\" data-e-type=\"widget\" data-widget_type=\"heading.default\">\n\t\t\t\t\t<h4 class=\"elementor-heading-title elementor-size-default\">Contact<\/h4>\t\t\t\t<\/div>\n\t\t\t\t\t\t\t\t<p class=\"e-8275410-8172ef5 e-paragraph-base\" data-interaction-id=\"8275410\"  >\n\t\t\t\t\t\t\t<a\n\t\t\t\t\t\t\t\t\t\thref=\"mailto:office@plurifarp.ro\"\n\t\t\t\t\ttarget=\"_self\"\n\t\t\t\t\tclass=\"e-paragraph-link-base\"\n\t\t\t\t>\n\t\t\t\t\t\tPentru informa\u021bii suplimentare sau recomand\u0103ri, ne po\u021bi contacta la: \n\t\t\t\t<\/a>\n\t\t\t\t\t<\/p>\n\t\t\t\t\t\t\t\t<p class=\"e-77bcfb3-7cb5b48 e-paragraph-base\" data-interaction-id=\"77bcfb3\"  >\n\t\t\t\t\t\t\t<a\n\t\t\t\t\t\t\t\t\t\thref=\"mailto:comenzi@plurifart.ro\"\n\t\t\t\t\ttarget=\"_self\"\n\t\t\t\t\tclass=\"e-paragraph-link-base\"\n\t\t\t\t>\n\t\t\t\t\t\tcomenzi@plurifart.ro\n\t\t\t\t<\/a>\n\t\t\t\t\t<\/p>\n\t\t\t\t<div class=\"elementor-element elementor-element-457a880 elementor-widget elementor-widget-spacer\" data-id=\"457a880\" data-element_type=\"widget\" data-e-type=\"widget\" data-widget_type=\"spacer.default\">\n\t\t\t\t\t\t\t<div class=\"elementor-spacer\">\n\t\t\t<div class=\"elementor-spacer-inner\"><\/div>\n\t\t<\/div>\n\t\t\t\t\t\t<\/div>\n\t\t\t\t<\/div>\n\t\t<div class=\"elementor-element elementor-element-ccdac0b e-con-full e-flex wpr-particle-no wpr-jarallax-no wpr-parallax-no wpr-sticky-section-no e-con e-child\" data-id=\"ccdac0b\" data-element_type=\"container\" data-e-type=\"container\" data-settings=\"{&quot;background_background&quot;:&quot;slideshow&quot;,&quot;background_slideshow_gallery&quot;:[],&quot;background_slideshow_loop&quot;:&quot;yes&quot;,&quot;background_slideshow_slide_duration&quot;:5000,&quot;background_slideshow_slide_transition&quot;:&quot;fade&quot;,&quot;background_slideshow_transition_duration&quot;:500}\">\n\t\t\t\t<\/div>\n\t\t\t\t\t<\/div>\n\t\t\t\t<\/div>\n\t\t<div class=\"elementor-element elementor-element-22d3635 e-flex e-con-boxed wpr-particle-no wpr-jarallax-no wpr-parallax-no wpr-sticky-section-no e-con e-parent\" data-id=\"22d3635\" data-element_type=\"container\" data-e-type=\"container\" data-settings=\"{&quot;background_background&quot;:&quot;classic&quot;}\">\n\t\t\t\t\t<div class=\"e-con-inner\">\n\t\t<div class=\"elementor-element elementor-element-d2dc5b0 e-con-full e-flex wpr-particle-no wpr-jarallax-no wpr-parallax-no wpr-sticky-section-no e-con e-child\" data-id=\"d2dc5b0\" data-element_type=\"container\" data-e-type=\"container\">\n\t\t\t\t<div class=\"elementor-element elementor-element-9cb2008 wpr-main-menu-align-left wpr-main-menu-align--tabletleft wpr-main-menu-align--mobileleft wpr-pointer-underline wpr-pointer-line-fx wpr-pointer-fx-fade wpr-sub-icon-caret-down wpr-sub-menu-fx-fade wpr-nav-menu-bp-mobile wpr-mobile-menu-full-width wpr-mobile-menu-item-align-center wpr-mobile-toggle-v1 wpr-sub-divider-yes wpr-mobile-divider-yes elementor-widget elementor-widget-wpr-nav-menu\" data-id=\"9cb2008\" data-element_type=\"widget\" data-e-type=\"widget\" data-settings=\"{&quot;menu_layout&quot;:&quot;horizontal&quot;}\" data-widget_type=\"wpr-nav-menu.default\">\n\t\t\t\t\t<nav class=\"wpr-nav-menu-container wpr-nav-menu-horizontal\" data-trigger=\"hover\" data-consider-header=\"\" data-scroll-speed=\"500\"><ul id=\"menu-1-9cb2008\" class=\"wpr-nav-menu\"><li class=\"menu-item menu-item-type-post_type menu-item-object-page menu-item-home menu-item-135\"><a href=\"https:\/\/plurifart.ro\/\" class=\"wpr-menu-item wpr-pointer-item\">Acasa<\/a><\/li>\n<li class=\"menu-item menu-item-type-post_type menu-item-object-page menu-item-privacy-policy menu-item-136\"><a rel=\"privacy-policy\" href=\"https:\/\/plurifart.ro\/index.php\/privacy-policy\/\" class=\"wpr-menu-item wpr-pointer-item\">Politica de Confiden\u021bialitate<\/a><\/li>\n<li class=\"menu-item menu-item-type-post_type menu-item-object-page menu-item-137\"><a href=\"https:\/\/plurifart.ro\/index.php\/politica-de-cookies\/\" class=\"wpr-menu-item wpr-pointer-item\">Politica de Cookies<\/a><\/li>\n<\/ul><\/nav><nav class=\"wpr-mobile-nav-menu-container\"><div class=\"wpr-mobile-toggle-wrap\"><div class=\"wpr-mobile-toggle\"><span class=\"wpr-mobile-toggle-line\"><\/span><span class=\"wpr-mobile-toggle-line\"><\/span><span class=\"wpr-mobile-toggle-line\"><\/span><\/div><\/div><ul id=\"mobile-menu-2-9cb2008\" class=\"wpr-mobile-nav-menu\"><li class=\"menu-item menu-item-type-post_type menu-item-object-page menu-item-home menu-item-135\"><a href=\"https:\/\/plurifart.ro\/\" class=\"wpr-mobile-menu-item\">Acasa<\/a><\/li>\n<li class=\"menu-item menu-item-type-post_type menu-item-object-page menu-item-privacy-policy menu-item-136\"><a rel=\"privacy-policy\" href=\"https:\/\/plurifart.ro\/index.php\/privacy-policy\/\" class=\"wpr-mobile-menu-item\">Politica de Confiden\u021bialitate<\/a><\/li>\n<li class=\"menu-item menu-item-type-post_type menu-item-object-page menu-item-137\"><a href=\"https:\/\/plurifart.ro\/index.php\/politica-de-cookies\/\" class=\"wpr-mobile-menu-item\">Politica de Cookies<\/a><\/li>\n<\/ul><\/nav>\t\t\t\t<\/div>\n\t\t\t\t<div class=\"elementor-element elementor-element-ed39133 elementor-widget elementor-widget-text-editor\" data-id=\"ed39133\" data-element_type=\"widget\" data-e-type=\"widget\" data-widget_type=\"text-editor.default\">\n\t\t\t\t\t\t\t\t\t<p>2026 \u00a9 All Rights Reserved FARMACIA PLURIMEX TUNARI<\/p>\t\t\t\t\t\t\t\t<\/div>\n\t\t\t\t<\/div>\n\t\t<div class=\"elementor-element elementor-element-efba55f e-con-full e-flex wpr-particle-no wpr-jarallax-no wpr-parallax-no wpr-sticky-section-no e-con e-child\" data-id=\"efba55f\" data-element_type=\"container\" data-e-type=\"container\">\n\t\t\t\t\t\t\t\n\t\t\t<a\n\t\t\t\t\t\thref=\"https:\/\/reclamatiisal.anpc.ro\/\"\n\t\t\tclass=\"e-image-link-base\"\n\t\t\ttarget=\"_blank\"\n\t\t\tdata-interaction-id=\"f91a2f7\"\n\t\t>\n\t\t<img class=\"e-image-base \" \n\t\t \n\t\t \n\t\t\t\t\t\t\t\t\tid=\"138\"\n\t\t\t\t\t\t\t\t\t\t\t\tsrc=\"https:\/\/plurifart.ro\/wp-content\/uploads\/2026\/04\/anpc-sal-mic-1.png\"\n\t\t\t\t\t\t\t\t\t\t\t\twidth=\"250\"\n\t\t\t\t\t\t\t\t\t\t\t\theight=\"62\"\n\t\t\t\t\t\t\t\t\t\t\t\tsrcset=\"\"\n\t\t\t\t\t\t\t\t\t\t\t\talt=\"\"\n\t\t\t\t\t\t\/>\n\t\t\t<\/a>\n\t\t\t\t\t\t\t\t\n\t\t\t<a\n\t\t\t\t\t\thref=\"https:\/\/consumer-redress.ec.europa.eu\/site-relocation_en?event=main.home2.show&lng=RO\"\n\t\t\tclass=\"e-image-link-base\"\n\t\t\ttarget=\"_blank\"\n\t\t\tdata-interaction-id=\"8ed2607\"\n\t\t>\n\t\t<img class=\"e-image-base \" \n\t\t \n\t\t \n\t\t\t\t\t\t\t\t\tid=\"139\"\n\t\t\t\t\t\t\t\t\t\t\t\tsrc=\"https:\/\/plurifart.ro\/wp-content\/uploads\/2026\/04\/anpc-sol-mic-1.png\"\n\t\t\t\t\t\t\t\t\t\t\t\twidth=\"250\"\n\t\t\t\t\t\t\t\t\t\t\t\theight=\"62\"\n\t\t\t\t\t\t\t\t\t\t\t\tsrcset=\"\"\n\t\t\t\t\t\t\t\t\t\t\t\talt=\"\"\n\t\t\t\t\t\t\/>\n\t\t\t<\/a>\n\t\t\t\t\t<\/div>\n\t\t<div class=\"elementor-element elementor-element-8a723e8 e-con-full e-flex wpr-particle-no wpr-jarallax-no wpr-parallax-no wpr-sticky-section-no e-con e-child\" data-id=\"8a723e8\" data-element_type=\"container\" data-e-type=\"container\">\n\t\t\t\t<div class=\"elementor-element elementor-element-19102b8 elementor-widget elementor-widget-text-editor\" data-id=\"19102b8\" data-element_type=\"widget\" data-e-type=\"widget\" data-widget_type=\"text-editor.default\">\n\t\t\t\t\t\t\t\t\t<p style=\"font-weight: 400;\">Farmacia\u00a0 Plurimex Tunari SRL<\/p><p style=\"font-weight: 400;\">Str\u00a0 Tunari nr 28, sector 2, 020527 Bucuresti<\/p><p style=\"font-weight: 400;\">CIF\u00a0 16097121<\/p><p style=\"font-weight: 400;\">J40\/1248\/2004<\/p>\t\t\t\t\t\t\t\t<\/div>\n\t\t\t\t<\/div>\n\t\t\t\t\t<\/div>\n\t\t\t\t<\/div>\n\t\t<div class=\"elementor-element elementor-element-67db65f e-flex e-con-boxed wpr-particle-no wpr-jarallax-no wpr-parallax-no wpr-sticky-section-no e-con e-parent\" data-id=\"67db65f\" data-element_type=\"container\" data-e-type=\"container\">\n\t\t\t\t\t<div class=\"e-con-inner\">\n\t\t\t\t\t<\/div>\n\t\t\t\t<\/div>\n\t\t\t\t<\/div>\n\t\t","protected":false},"excerpt":{"rendered":"<p>\ud83d\udc8aFARMACIA PLURIMEX TUNARI -Laborator propriu- Farmacia ta de \u00eencredereGrij\u0103 complet\u0103 pentru s\u0103n\u0103tatea ta. Oferim o gam\u0103 variat\u0103 de produse \u0219i servicii: medicamente eliberate cu \u0219i f\u0103r\u0103 prescrip\u021bie suplimente alimentare \u0219i produse naturiste produse dermato-cosmetice produse pentru copii \u0219i \u00eengrijire zilnic\u0103 accesorii \u0219i dispozitive medicale preparate galenice \u2013 laborator propriu Echipa noastr\u0103 \u00ee\u021bi st\u0103 la dispozi\u021bie cu recomand\u0103ri personalizate, astfel \u00eenc\u00e2t s\u0103 faci cele mai bune alegeri pentru tine \u0219i familia ta. Contact Pentru informa\u021bii suplimentare sau recomand\u0103ri, ne po\u021bi contacta la: comenzi@plurifart.ro Acasa Politica de Confiden\u021bialitate Politica de Cookies Acasa Politica de Confiden\u021bialitate Politica de Cookies 2026 \u00a9 All Rights Reserved FARMACIA PLURIMEX TUNARI Farmacia\u00a0 Plurimex Tunari SRL Str\u00a0 Tunari nr 28, sector 2, 020527 Bucuresti CIF\u00a0 16097121 J40\/1248\/2004<\/p>\n","protected":false},"author":1,"featured_media":0,"parent":0,"menu_order":0,"comment_status":"closed","ping_status":"closed","template":"elementor_canvas","meta":{"footnotes":""},"class_list":["post-10","page","type-page","status-publish","hentry"],"_links":{"self":[{"href":"https:\/\/plurifart.ro\/index.php\/wp-json\/wp\/v2\/pages\/10","targetHints":{"allow":["GET"]}}],"collection":[{"href":"https:\/\/plurifart.ro\/index.php\/wp-json\/wp\/v2\/pages"}],"about":[{"href":"https:\/\/plurifart.ro\/index.php\/wp-json\/wp\/v2\/types\/page"}],"author":[{"embeddable":true,"href":"https:\/\/plurifart.ro\/index.php\/wp-json\/wp\/v2\/users\/1"}],"replies":[{"embeddable":true,"href":"https:\/\/plurifart.ro\/index.php\/wp-json\/wp\/v2\/comments?post=10"}],"version-history":[{"count":23,"href":"https:\/\/plurifart.ro\/index.php\/wp-json\/wp\/v2\/pages\/10\/revisions"}],"predecessor-version":[{"id":178,"href":"https:\/\/plurifart.ro\/index.php\/wp-json\/wp\/v2\/pages\/10\/revisions\/178"}],"wp:attachment":[{"href":"https:\/\/plurifart.ro\/index.php\/wp-json\/wp\/v2\/media?parent=10"}],"curies":[{"name":"wp","href":"https:\/\/api.w.org\/{rel}","templated":true}]}}